{"id":4926,"date":"2024-03-12T10:20:24","date_gmt":"2024-03-12T09:20:24","guid":{"rendered":"https:\/\/beatgarden.net\/inici\/"},"modified":"2024-06-19T15:38:48","modified_gmt":"2024-06-19T14:38:48","slug":"inici","status":"publish","type":"page","link":"https:\/\/beatgarden.net\/ca\/","title":{"rendered":"Inici"},"content":{"rendered":"","protected":false},"excerpt":{"rendered":"","protected":false},"author":1,"featured_media":0,"parent":0,"menu_order":13,"comment_status":"closed","ping_status":"closed","template":"100-width.php","meta":{"_acf_changed":false,"footnotes":""},"class_list":["post-4926","page","type-page","status-publish","hentry"],"acf":[],"yoast_head":"<!-- This site is optimized with the Yoast SEO plugin v24.3 - https:\/\/yoast.com\/wordpress\/plugins\/seo\/ -->\n<title>Inici - BeatGarden<\/title>\n<meta name=\"description\" content=\"BeatGarden \u00e9s l&#039;estudi de gravaci\u00f3 professional de refer\u00e8ncia a Barcelona. Equipament, espais i enginyers de primer nivell.\" \/>\n<meta name=\"robots\" content=\"index, follow, max-snippet:-1, max-image-preview:large, max-video-preview:-1\" \/>\n<link rel=\"canonical\" href=\"https:\/\/beatgarden.net\/ca\/\" \/>\n<meta property=\"og:locale\" content=\"ca_ES\" \/>\n<meta property=\"og:type\" content=\"article\" \/>\n<meta property=\"og:title\" content=\"BeatGarden - Estudi de Gravaci\u00f3 Barcelona\" \/>\n<meta property=\"og:description\" content=\"BeatGarden \u00e9s l&#039;estudi de gravaci\u00f3 professional de refer\u00e8ncia a Barcelona. Equipament, espais i enginyers de primer nivell. Reserva ara.\" \/>\n<meta property=\"og:url\" content=\"https:\/\/beatgarden.net\/ca\/\" \/>\n<meta property=\"og:site_name\" content=\"BeatGarden\" \/>\n<meta property=\"article:modified_time\" content=\"2024-06-19T14:38:48+00:00\" \/>\n<meta property=\"og:image\" content=\"https:\/\/beatgarden.net\/wp-content\/uploads\/2024\/04\/Logo-BeatGarden-JPG-258x300.png\" \/>\n<meta name=\"twitter:card\" content=\"summary_large_image\" \/>\n<meta name=\"twitter:title\" content=\"BeatGarden - Estudi de Gravaci\u00f3 Barcelona\" \/>\n<meta name=\"twitter:description\" content=\"BeatGarden \u00e9s l&#039;estudi de gravaci\u00f3 professional de refer\u00e8ncia a Barcelona. Equipament, espais i enginyers de primer nivell. Reserva ara.\" \/>\n<meta name=\"twitter:image\" content=\"https:\/\/beatgarden.net\/wp-content\/uploads\/2024\/04\/Logo-BeatGarden-JPG.png\" \/>\n<script type=\"application\/ld+json\" class=\"yoast-schema-graph\">{\"@context\":\"https:\/\/schema.org\",\"@graph\":[{\"@type\":\"WebPage\",\"@id\":\"https:\/\/beatgarden.net\/ca\/\",\"url\":\"https:\/\/beatgarden.net\/ca\/\",\"name\":\"Inici - BeatGarden\",\"isPartOf\":{\"@id\":\"https:\/\/beatgarden.net\/ca\/#website\"},\"datePublished\":\"2024-03-12T09:20:24+00:00\",\"dateModified\":\"2024-06-19T14:38:48+00:00\",\"description\":\"BeatGarden \u00e9s l'estudi de gravaci\u00f3 professional de refer\u00e8ncia a Barcelona. Equipament, espais i enginyers de primer nivell.\",\"breadcrumb\":{\"@id\":\"https:\/\/beatgarden.net\/ca\/#breadcrumb\"},\"inLanguage\":\"ca\",\"potentialAction\":[{\"@type\":\"ReadAction\",\"target\":[\"https:\/\/beatgarden.net\/ca\/\"]}]},{\"@type\":\"BreadcrumbList\",\"@id\":\"https:\/\/beatgarden.net\/ca\/#breadcrumb\",\"itemListElement\":[{\"@type\":\"ListItem\",\"position\":1,\"name\":\"Portada\",\"item\":\"https:\/\/beatgarden.net\/ca\/inici\/\"},{\"@type\":\"ListItem\",\"position\":2,\"name\":\"Inici\"}]},{\"@type\":\"WebSite\",\"@id\":\"https:\/\/beatgarden.net\/ca\/#website\",\"url\":\"https:\/\/beatgarden.net\/ca\/\",\"name\":\"BeatGarden\",\"description\":\"Studio\",\"potentialAction\":[{\"@type\":\"SearchAction\",\"target\":{\"@type\":\"EntryPoint\",\"urlTemplate\":\"https:\/\/beatgarden.net\/ca\/?s={search_term_string}\"},\"query-input\":{\"@type\":\"PropertyValueSpecification\",\"valueRequired\":true,\"valueName\":\"search_term_string\"}}],\"inLanguage\":\"ca\"}]}<\/script>\n<!-- \/ Yoast SEO plugin. -->","yoast_head_json":{"title":"Inici - BeatGarden","description":"BeatGarden \u00e9s l'estudi de gravaci\u00f3 professional de refer\u00e8ncia a Barcelona. Equipament, espais i enginyers de primer nivell.","robots":{"index":"index","follow":"follow","max-snippet":"max-snippet:-1","max-image-preview":"max-image-preview:large","max-video-preview":"max-video-preview:-1"},"canonical":"https:\/\/beatgarden.net\/ca\/","og_locale":"ca_ES","og_type":"article","og_title":"BeatGarden - Estudi de Gravaci\u00f3 Barcelona","og_description":"BeatGarden \u00e9s l'estudi de gravaci\u00f3 professional de refer\u00e8ncia a Barcelona. Equipament, espais i enginyers de primer nivell. Reserva ara.","og_url":"https:\/\/beatgarden.net\/ca\/","og_site_name":"BeatGarden","article_modified_time":"2024-06-19T14:38:48+00:00","og_image":[{"url":"https:\/\/beatgarden.net\/wp-content\/uploads\/2024\/04\/Logo-BeatGarden-JPG-258x300.png","type":"","width":"","height":""}],"twitter_card":"summary_large_image","twitter_title":"BeatGarden - Estudi de Gravaci\u00f3 Barcelona","twitter_description":"BeatGarden \u00e9s l'estudi de gravaci\u00f3 professional de refer\u00e8ncia a Barcelona. Equipament, espais i enginyers de primer nivell. Reserva ara.","twitter_image":"https:\/\/beatgarden.net\/wp-content\/uploads\/2024\/04\/Logo-BeatGarden-JPG.png","schema":{"@context":"https:\/\/schema.org","@graph":[{"@type":"WebPage","@id":"https:\/\/beatgarden.net\/ca\/","url":"https:\/\/beatgarden.net\/ca\/","name":"Inici - BeatGarden","isPartOf":{"@id":"https:\/\/beatgarden.net\/ca\/#website"},"datePublished":"2024-03-12T09:20:24+00:00","dateModified":"2024-06-19T14:38:48+00:00","description":"BeatGarden \u00e9s l'estudi de gravaci\u00f3 professional de refer\u00e8ncia a Barcelona. Equipament, espais i enginyers de primer nivell.","breadcrumb":{"@id":"https:\/\/beatgarden.net\/ca\/#breadcrumb"},"inLanguage":"ca","potentialAction":[{"@type":"ReadAction","target":["https:\/\/beatgarden.net\/ca\/"]}]},{"@type":"BreadcrumbList","@id":"https:\/\/beatgarden.net\/ca\/#breadcrumb","itemListElement":[{"@type":"ListItem","position":1,"name":"Portada","item":"https:\/\/beatgarden.net\/ca\/inici\/"},{"@type":"ListItem","position":2,"name":"Inici"}]},{"@type":"WebSite","@id":"https:\/\/beatgarden.net\/ca\/#website","url":"https:\/\/beatgarden.net\/ca\/","name":"BeatGarden","description":"Studio","potentialAction":[{"@type":"SearchAction","target":{"@type":"EntryPoint","urlTemplate":"https:\/\/beatgarden.net\/ca\/?s={search_term_string}"},"query-input":{"@type":"PropertyValueSpecification","valueRequired":true,"valueName":"search_term_string"}}],"inLanguage":"ca"}]}},"_links":{"self":[{"href":"https:\/\/beatgarden.net\/ca\/wp-json\/wp\/v2\/pages\/4926","targetHints":{"allow":["GET"]}}],"collection":[{"href":"https:\/\/beatgarden.net\/ca\/wp-json\/wp\/v2\/pages"}],"about":[{"href":"https:\/\/beatgarden.net\/ca\/wp-json\/wp\/v2\/types\/page"}],"author":[{"embeddable":true,"href":"https:\/\/beatgarden.net\/ca\/wp-json\/wp\/v2\/users\/1"}],"replies":[{"embeddable":true,"href":"https:\/\/beatgarden.net\/ca\/wp-json\/wp\/v2\/comments?post=4926"}],"version-history":[{"count":1,"href":"https:\/\/beatgarden.net\/ca\/wp-json\/wp\/v2\/pages\/4926\/revisions"}],"predecessor-version":[{"id":5287,"href":"https:\/\/beatgarden.net\/ca\/wp-json\/wp\/v2\/pages\/4926\/revisions\/5287"}],"wp:attachment":[{"href":"https:\/\/beatgarden.net\/ca\/wp-json\/wp\/v2\/media?parent=4926"}],"curies":[{"name":"wp","href":"https:\/\/api.w.org\/{rel}","templated":true}]}}